{"id":4895,"date":"2024-10-01T06:52:38","date_gmt":"2024-10-01T06:52:38","guid":{"rendered":"https:\/\/www.hibernoenglish.com\/english-level-test\/"},"modified":"2025-02-25T13:58:19","modified_gmt":"2025-02-25T13:58:19","slug":"english-level-test","status":"publish","type":"page","link":"https:\/\/www.hibernoenglish.com\/ca\/english-level-test\/","title":{"rendered":"English Level Test"},"content":{"rendered":"\t\t<div data-elementor-type=\"wp-page\" data-elementor-id=\"4895\" class=\"elementor elementor-4895 elementor-2425\" data-elementor-post-type=\"page\">\n\t\t\t\t<div class=\"elementor-element elementor-element-703982d e-flex e-con-boxed e-con e-parent\" data-id=\"703982d\" data-element_type=\"container\" data-e-type=\"container\" data-settings=\"{&quot;background_background&quot;:&quot;classic&quot;}\">\n\t\t\t\t\t<div class=\"e-con-inner\">\n\t\t<div class=\"elementor-element elementor-element-622cd47 e-con-full e-flex e-con e-child\" data-id=\"622cd47\" data-element_type=\"container\" data-e-type=\"container\">\n\t\t\t\t<div class=\"elementor-element elementor-element-9e443d1 elementor-widget elementor-widget-heading\" data-id=\"9e443d1\" data-element_type=\"widget\" data-e-type=\"widget\" data-widget_type=\"heading.default\">\n\t\t\t\t<div class=\"elementor-widget-container\">\n\t\t\t\t\t<h1 class=\"elementor-heading-title elementor-size-default\">English Level Test<\/h1>\t\t\t\t<\/div>\n\t\t\t\t<\/div>\n\t\t\t\t<\/div>\n\t\t\t\t\t<\/div>\n\t\t\t\t<\/div>\n\t\t\t\t<section class=\"elementor-section elementor-top-section elementor-element elementor-element-cd0e3a6 elementor-section-boxed elementor-section-height-default elementor-section-height-default\" data-id=\"cd0e3a6\" data-element_type=\"section\" data-e-type=\"section\" data-settings=\"{&quot;background_background&quot;:&quot;classic&quot;}\">\n\t\t\t\t\t\t<div class=\"elementor-container elementor-column-gap-default\">\n\t\t\t\t\t<div class=\"elementor-column elementor-col-100 elementor-top-column elementor-element elementor-element-ec0a027 animated-slow elementor-invisible\" data-id=\"ec0a027\" data-element_type=\"column\" data-e-type=\"column\" data-settings=\"{&quot;animation&quot;:&quot;fadeIn&quot;}\">\n\t\t\t<div class=\"elementor-widget-wrap elementor-element-populated\">\n\t\t\t\t\t\t<div class=\"elementor-element elementor-element-19d2ee7 elementor-widget elementor-widget-heading\" data-id=\"19d2ee7\" data-element_type=\"widget\" data-e-type=\"widget\" data-widget_type=\"heading.default\">\n\t\t\t\t<div class=\"elementor-widget-container\">\n\t\t\t\t\t<h2 class=\"elementor-heading-title elementor-size-default\">Vols saber quin nivell d'angl\u00e8s tens?<\/h2>\t\t\t\t<\/div>\n\t\t\t\t<\/div>\n\t\t\t\t<div class=\"elementor-element elementor-element-231623a elementor-widget elementor-widget-text-editor\" data-id=\"231623a\" data-element_type=\"widget\" data-e-type=\"widget\" data-widget_type=\"text-editor.default\">\n\t\t\t\t<div class=\"elementor-widget-container\">\n\t\t\t\t\t\t\t\t\t<p class=\"font_8 wixui-rich-text__text\">Nosaltres tamb\u00e9 i t&#8217;oferim uns tests, de manera gratu\u00efta, perqu\u00e8 puguis saber-ho i nosaltres et puguem oferir l&#8217;opci\u00f3 que s&#8217;adapti millor al teu nivell.<\/p>\t\t\t\t\t\t\t\t<\/div>\n\t\t\t\t<\/div>\n\t\t\t\t<div class=\"elementor-element elementor-element-5d5d1ec elementor-widget elementor-widget-spacer\" data-id=\"5d5d1ec\" data-element_type=\"widget\" data-e-type=\"widget\" data-widget_type=\"spacer.default\">\n\t\t\t\t<div class=\"elementor-widget-container\">\n\t\t\t\t\t\t\t<div class=\"elementor-spacer\">\n\t\t\t<div class=\"elementor-spacer-inner\"><\/div>\n\t\t<\/div>\n\t\t\t\t\t\t<\/div>\n\t\t\t\t<\/div>\n\t\t\t\t<section class=\"elementor-section elementor-inner-section elementor-element elementor-element-4197caf elementor-section-full_width elementor-section-height-default elementor-section-height-default\" data-id=\"4197caf\" data-element_type=\"section\" data-e-type=\"section\">\n\t\t\t\t\t\t<div class=\"elementor-container elementor-column-gap-default\">\n\t\t\t\t\t<div class=\"elementor-column elementor-col-33 elementor-inner-column elementor-element elementor-element-3d9accb\" data-id=\"3d9accb\" data-element_type=\"column\" data-e-type=\"column\" data-settings=\"{&quot;background_background&quot;:&quot;classic&quot;}\">\n\t\t\t<div class=\"elementor-widget-wrap elementor-element-populated\">\n\t\t\t\t\t<div class=\"elementor-background-overlay\"><\/div>\n\t\t\t\t\t\t<div class=\"elementor-element elementor-element-c0d53f7 elementor-widget elementor-widget-image\" data-id=\"c0d53f7\" data-element_type=\"widget\" data-e-type=\"widget\" data-widget_type=\"image.default\">\n\t\t\t\t<div class=\"elementor-widget-container\">\n\t\t\t\t\t\t\t\t\t\t\t\t\t\t\t\t<a href=\"https:\/\/www.hibernoenglish.com\/level-test-a1-a2\/\">\n\t\t\t\t\t\t\t<img fetchpriority=\"high\" decoding=\"async\" width=\"800\" height=\"450\" src=\"https:\/\/www.hibernoenglish.com\/wp-content\/uploads\/2024\/10\/ES-2-1024x576.jpg\" class=\"attachment-large size-large wp-image-2427\" alt=\"\" srcset=\"https:\/\/www.hibernoenglish.com\/wp-content\/uploads\/2024\/10\/ES-2-1024x576.jpg 1024w, https:\/\/www.hibernoenglish.com\/wp-content\/uploads\/2024\/10\/ES-2-600x338.jpg 600w, https:\/\/www.hibernoenglish.com\/wp-content\/uploads\/2024\/10\/ES-2-300x169.jpg 300w, https:\/\/www.hibernoenglish.com\/wp-content\/uploads\/2024\/10\/ES-2-768x432.jpg 768w, https:\/\/www.hibernoenglish.com\/wp-content\/uploads\/2024\/10\/ES-2-1536x864.jpg 1536w, https:\/\/www.hibernoenglish.com\/wp-content\/uploads\/2024\/10\/ES-2.jpg 1920w\" sizes=\"(max-width: 800px) 100vw, 800px\" \/>\t\t\t\t\t\t\t\t<\/a>\n\t\t\t\t\t\t\t\t\t\t\t\t\t\t\t<\/div>\n\t\t\t\t<\/div>\n\t\t\t\t<div class=\"elementor-element elementor-element-6af96d2 elementor-widget elementor-widget-heading\" data-id=\"6af96d2\" data-element_type=\"widget\" data-e-type=\"widget\" data-widget_type=\"heading.default\">\n\t\t\t\t<div class=\"elementor-widget-container\">\n\t\t\t\t\t<h3 class=\"elementor-heading-title elementor-size-default\"><a href=\"https:\/\/www.hibernoenglish.com\/level-test-a1-a2\/\">A1 &amp; A2<\/a><\/h3>\t\t\t\t<\/div>\n\t\t\t\t<\/div>\n\t\t\t\t\t<\/div>\n\t\t<\/div>\n\t\t\t\t<div class=\"elementor-column elementor-col-33 elementor-inner-column elementor-element elementor-element-3a0c9b2\" data-id=\"3a0c9b2\" data-element_type=\"column\" data-e-type=\"column\" data-settings=\"{&quot;background_background&quot;:&quot;classic&quot;}\">\n\t\t\t<div class=\"elementor-widget-wrap elementor-element-populated\">\n\t\t\t\t\t<div class=\"elementor-background-overlay\"><\/div>\n\t\t\t\t\t\t<div class=\"elementor-element elementor-element-b5d16fc elementor-widget elementor-widget-image\" data-id=\"b5d16fc\" data-element_type=\"widget\" data-e-type=\"widget\" data-widget_type=\"image.default\">\n\t\t\t\t<div class=\"elementor-widget-container\">\n\t\t\t\t\t\t\t\t\t\t\t\t\t\t\t\t<a href=\"https:\/\/www.hibernoenglish.com\/level-test-b1-b2\/\">\n\t\t\t\t\t\t\t<img decoding=\"async\" width=\"800\" height=\"450\" src=\"https:\/\/www.hibernoenglish.com\/wp-content\/uploads\/2024\/10\/64-1024x576.jpg\" class=\"attachment-large size-large wp-image-2428\" alt=\"\" srcset=\"https:\/\/www.hibernoenglish.com\/wp-content\/uploads\/2024\/10\/64-1024x576.jpg 1024w, https:\/\/www.hibernoenglish.com\/wp-content\/uploads\/2024\/10\/64-600x338.jpg 600w, https:\/\/www.hibernoenglish.com\/wp-content\/uploads\/2024\/10\/64-300x169.jpg 300w, https:\/\/www.hibernoenglish.com\/wp-content\/uploads\/2024\/10\/64-768x432.jpg 768w, https:\/\/www.hibernoenglish.com\/wp-content\/uploads\/2024\/10\/64-1536x864.jpg 1536w, https:\/\/www.hibernoenglish.com\/wp-content\/uploads\/2024\/10\/64.jpg 1920w\" sizes=\"(max-width: 800px) 100vw, 800px\" \/>\t\t\t\t\t\t\t\t<\/a>\n\t\t\t\t\t\t\t\t\t\t\t\t\t\t\t<\/div>\n\t\t\t\t<\/div>\n\t\t\t\t<div class=\"elementor-element elementor-element-368d397 elementor-widget elementor-widget-heading\" data-id=\"368d397\" data-element_type=\"widget\" data-e-type=\"widget\" data-widget_type=\"heading.default\">\n\t\t\t\t<div class=\"elementor-widget-container\">\n\t\t\t\t\t<h3 class=\"elementor-heading-title elementor-size-default\"><a href=\"https:\/\/www.hibernoenglish.com\/level-test-b1-b2\/\">B1 &amp; B2<\/a><\/h3>\t\t\t\t<\/div>\n\t\t\t\t<\/div>\n\t\t\t\t\t<\/div>\n\t\t<\/div>\n\t\t\t\t<div class=\"elementor-column elementor-col-33 elementor-inner-column elementor-element elementor-element-04c64d0\" data-id=\"04c64d0\" data-element_type=\"column\" data-e-type=\"column\" data-settings=\"{&quot;background_background&quot;:&quot;classic&quot;}\">\n\t\t\t<div class=\"elementor-widget-wrap elementor-element-populated\">\n\t\t\t\t\t<div class=\"elementor-background-overlay\"><\/div>\n\t\t\t\t\t\t<div class=\"elementor-element elementor-element-4bdae2f elementor-widget elementor-widget-image\" data-id=\"4bdae2f\" data-element_type=\"widget\" data-e-type=\"widget\" data-widget_type=\"image.default\">\n\t\t\t\t<div class=\"elementor-widget-container\">\n\t\t\t\t\t\t\t\t\t\t\t\t\t\t\t\t<a href=\"https:\/\/www.hibernoenglish.com\/level-test-c1-c2\/\">\n\t\t\t\t\t\t\t<img decoding=\"async\" width=\"800\" height=\"450\" src=\"https:\/\/www.hibernoenglish.com\/wp-content\/uploads\/2024\/10\/63-1024x576.jpg\" class=\"attachment-large size-large wp-image-2412\" alt=\"\" srcset=\"https:\/\/www.hibernoenglish.com\/wp-content\/uploads\/2024\/10\/63-1024x576.jpg 1024w, https:\/\/www.hibernoenglish.com\/wp-content\/uploads\/2024\/10\/63-600x338.jpg 600w, https:\/\/www.hibernoenglish.com\/wp-content\/uploads\/2024\/10\/63-300x169.jpg 300w, https:\/\/www.hibernoenglish.com\/wp-content\/uploads\/2024\/10\/63-768x432.jpg 768w, https:\/\/www.hibernoenglish.com\/wp-content\/uploads\/2024\/10\/63-1536x864.jpg 1536w, https:\/\/www.hibernoenglish.com\/wp-content\/uploads\/2024\/10\/63.jpg 1920w\" sizes=\"(max-width: 800px) 100vw, 800px\" \/>\t\t\t\t\t\t\t\t<\/a>\n\t\t\t\t\t\t\t\t\t\t\t\t\t\t\t<\/div>\n\t\t\t\t<\/div>\n\t\t\t\t<div class=\"elementor-element elementor-element-9bfa99a elementor-widget elementor-widget-heading\" data-id=\"9bfa99a\" data-element_type=\"widget\" data-e-type=\"widget\" data-widget_type=\"heading.default\">\n\t\t\t\t<div class=\"elementor-widget-container\">\n\t\t\t\t\t<h3 class=\"elementor-heading-title elementor-size-default\"><a href=\"https:\/\/www.hibernoenglish.com\/level-test-c1-c2\/\">C1 &amp; C2<\/a><\/h3>\t\t\t\t<\/div>\n\t\t\t\t<\/div>\n\t\t\t\t\t<\/div>\n\t\t<\/div>\n\t\t\t\t\t<\/div>\n\t\t<\/section>\n\t\t\t\t\t<\/div>\n\t\t<\/div>\n\t\t\t\t\t<\/div>\n\t\t<\/section>\n\t\t\t\t<\/div>\n\t\t","protected":false},"excerpt":{"rendered":"<p>English Level Test Vols saber quin nivell d&#8217;angl\u00e8s tens? Nosaltres tamb\u00e9 i t&#8217;oferim uns tests, de manera gratu\u00efta, perqu\u00e8 puguis saber-ho i nosaltres et puguem oferir l&#8217;opci\u00f3 que s&#8217;adapti millor al teu nivell. A1 &amp; A2 B1 &amp; B2 C1 &amp; C2<\/p>\n","protected":false},"author":2,"featured_media":0,"parent":0,"menu_order":0,"comment_status":"closed","ping_status":"closed","template":"","meta":{"_acf_changed":false,"_monsterinsights_skip_tracking":false,"_monsterinsights_sitenote_active":false,"_monsterinsights_sitenote_note":"","_monsterinsights_sitenote_category":0,"_joinchat":[],"footnotes":""},"class_list":["post-4895","page","type-page","status-publish","hentry"],"acf":[],"yoast_head":"<!-- This site is optimized with the Yoast SEO plugin v27.2 - https:\/\/yoast.com\/product\/yoast-seo-wordpress\/ -->\n<title>English Level Test - Hiberno English | Escuela de Ingl\u00e9s en Sabadell<\/title>\n<meta name=\"robots\" content=\"index, follow, max-snippet:-1, max-image-preview:large, max-video-preview:-1\" \/>\n<link rel=\"canonical\" href=\"https:\/\/www.hibernoenglish.com\/ca\/english-level-test\/\" \/>\n<meta property=\"og:locale\" content=\"ca_ES\" \/>\n<meta property=\"og:type\" content=\"article\" \/>\n<meta property=\"og:title\" content=\"English Level Test - Hiberno English | Escuela de Ingl\u00e9s en Sabadell\" \/>\n<meta property=\"og:description\" content=\"English Level Test Vols saber quin nivell d&#8217;angl\u00e8s tens? Nosaltres tamb\u00e9 i t&#8217;oferim uns tests, de manera gratu\u00efta, perqu\u00e8 puguis saber-ho i nosaltres et puguem oferir l&#8217;opci\u00f3 que s&#8217;adapti millor al teu nivell. A1 &amp; A2 B1 &amp; B2 C1 &amp; C2\" \/>\n<meta property=\"og:url\" content=\"https:\/\/www.hibernoenglish.com\/ca\/english-level-test\/\" \/>\n<meta property=\"og:site_name\" content=\"Hiberno English | Escuela de Ingl\u00e9s en Sabadell\" \/>\n<meta property=\"article:publisher\" content=\"https:\/\/www.facebook.com\/hibernoenglish\/\" \/>\n<meta property=\"article:modified_time\" content=\"2025-02-25T13:58:19+00:00\" \/>\n<meta property=\"og:image\" content=\"https:\/\/www.hibernoenglish.com\/wp-content\/uploads\/2024\/10\/ES-2-1024x576.jpg\" \/>\n<meta name=\"twitter:card\" content=\"summary_large_image\" \/>\n<meta name=\"twitter:label1\" content=\"Temps estimat de lectura\" \/>\n\t<meta name=\"twitter:data1\" content=\"1 minut\" \/>\n<script type=\"application\/ld+json\" class=\"yoast-schema-graph\">{\"@context\":\"https:\/\/schema.org\",\"@graph\":[{\"@type\":\"WebPage\",\"@id\":\"https:\/\/www.hibernoenglish.com\/ca\/english-level-test\/\",\"url\":\"https:\/\/www.hibernoenglish.com\/ca\/english-level-test\/\",\"name\":\"English Level Test - Hiberno English | Escuela de Ingl\u00e9s en Sabadell\",\"isPartOf\":{\"@id\":\"https:\/\/www.hibernoenglish.com\/#website\"},\"primaryImageOfPage\":{\"@id\":\"https:\/\/www.hibernoenglish.com\/ca\/english-level-test\/#primaryimage\"},\"image\":{\"@id\":\"https:\/\/www.hibernoenglish.com\/ca\/english-level-test\/#primaryimage\"},\"thumbnailUrl\":\"https:\/\/www.hibernoenglish.com\/wp-content\/uploads\/2024\/10\/ES-2-1024x576.jpg\",\"datePublished\":\"2024-10-01T06:52:38+00:00\",\"dateModified\":\"2025-02-25T13:58:19+00:00\",\"breadcrumb\":{\"@id\":\"https:\/\/www.hibernoenglish.com\/ca\/english-level-test\/#breadcrumb\"},\"inLanguage\":\"ca\",\"potentialAction\":[{\"@type\":\"ReadAction\",\"target\":[\"https:\/\/www.hibernoenglish.com\/ca\/english-level-test\/\"]}]},{\"@type\":\"ImageObject\",\"inLanguage\":\"ca\",\"@id\":\"https:\/\/www.hibernoenglish.com\/ca\/english-level-test\/#primaryimage\",\"url\":\"https:\/\/www.hibernoenglish.com\/wp-content\/uploads\/2024\/10\/ES-2-1024x576.jpg\",\"contentUrl\":\"https:\/\/www.hibernoenglish.com\/wp-content\/uploads\/2024\/10\/ES-2-1024x576.jpg\"},{\"@type\":\"BreadcrumbList\",\"@id\":\"https:\/\/www.hibernoenglish.com\/ca\/english-level-test\/#breadcrumb\",\"itemListElement\":[{\"@type\":\"ListItem\",\"position\":1,\"name\":\"Portada\",\"item\":\"https:\/\/www.hibernoenglish.com\/ca\/\"},{\"@type\":\"ListItem\",\"position\":2,\"name\":\"English Level Test\"}]},{\"@type\":\"WebSite\",\"@id\":\"https:\/\/www.hibernoenglish.com\/#website\",\"url\":\"https:\/\/www.hibernoenglish.com\/\",\"name\":\"Hiberno English | Escuela de Ingl\u00e9s en Sabadell\",\"description\":\"Bienvenidos a Hiberno, academia de Ingl\u00e9s para adultos, ni\u00f1os, empresas, colegios y AFAS.\",\"publisher\":{\"@id\":\"https:\/\/www.hibernoenglish.com\/#organization\"},\"potentialAction\":[{\"@type\":\"SearchAction\",\"target\":{\"@type\":\"EntryPoint\",\"urlTemplate\":\"https:\/\/www.hibernoenglish.com\/?s={search_term_string}\"},\"query-input\":{\"@type\":\"PropertyValueSpecification\",\"valueRequired\":true,\"valueName\":\"search_term_string\"}}],\"inLanguage\":\"ca\"},{\"@type\":\"Organization\",\"@id\":\"https:\/\/www.hibernoenglish.com\/#organization\",\"name\":\"Hiberno English | Escuela de Ingl\u00e9s en Sabadell\",\"url\":\"https:\/\/www.hibernoenglish.com\/\",\"logo\":{\"@type\":\"ImageObject\",\"inLanguage\":\"ca\",\"@id\":\"https:\/\/www.hibernoenglish.com\/#\/schema\/logo\/image\/\",\"url\":\"https:\/\/www.hibernoenglish.com\/wp-content\/uploads\/2025\/01\/full-color.svg\",\"contentUrl\":\"https:\/\/www.hibernoenglish.com\/wp-content\/uploads\/2025\/01\/full-color.svg\",\"width\":595,\"height\":170,\"caption\":\"Hiberno English | Escuela de Ingl\u00e9s en Sabadell\"},\"image\":{\"@id\":\"https:\/\/www.hibernoenglish.com\/#\/schema\/logo\/image\/\"},\"sameAs\":[\"https:\/\/www.facebook.com\/hibernoenglish\/\",\"https:\/\/www.instagram.com\/idiomashiberno\/\",\"https:\/\/www.linkedin.com\/in\/hiberno-english-40a11b1b7\/\"]}]}<\/script>\n<!-- \/ Yoast SEO plugin. -->","yoast_head_json":{"title":"English Level Test - Hiberno English | Escuela de Ingl\u00e9s en Sabadell","robots":{"index":"index","follow":"follow","max-snippet":"max-snippet:-1","max-image-preview":"max-image-preview:large","max-video-preview":"max-video-preview:-1"},"canonical":"https:\/\/www.hibernoenglish.com\/ca\/english-level-test\/","og_locale":"ca_ES","og_type":"article","og_title":"English Level Test - Hiberno English | Escuela de Ingl\u00e9s en Sabadell","og_description":"English Level Test Vols saber quin nivell d&#8217;angl\u00e8s tens? Nosaltres tamb\u00e9 i t&#8217;oferim uns tests, de manera gratu\u00efta, perqu\u00e8 puguis saber-ho i nosaltres et puguem oferir l&#8217;opci\u00f3 que s&#8217;adapti millor al teu nivell. A1 &amp; A2 B1 &amp; B2 C1 &amp; C2","og_url":"https:\/\/www.hibernoenglish.com\/ca\/english-level-test\/","og_site_name":"Hiberno English | Escuela de Ingl\u00e9s en Sabadell","article_publisher":"https:\/\/www.facebook.com\/hibernoenglish\/","article_modified_time":"2025-02-25T13:58:19+00:00","og_image":[{"url":"https:\/\/www.hibernoenglish.com\/wp-content\/uploads\/2024\/10\/ES-2-1024x576.jpg","type":"","width":"","height":""}],"twitter_card":"summary_large_image","twitter_misc":{"Temps estimat de lectura":"1 minut"},"schema":{"@context":"https:\/\/schema.org","@graph":[{"@type":"WebPage","@id":"https:\/\/www.hibernoenglish.com\/ca\/english-level-test\/","url":"https:\/\/www.hibernoenglish.com\/ca\/english-level-test\/","name":"English Level Test - Hiberno English | Escuela de Ingl\u00e9s en Sabadell","isPartOf":{"@id":"https:\/\/www.hibernoenglish.com\/#website"},"primaryImageOfPage":{"@id":"https:\/\/www.hibernoenglish.com\/ca\/english-level-test\/#primaryimage"},"image":{"@id":"https:\/\/www.hibernoenglish.com\/ca\/english-level-test\/#primaryimage"},"thumbnailUrl":"https:\/\/www.hibernoenglish.com\/wp-content\/uploads\/2024\/10\/ES-2-1024x576.jpg","datePublished":"2024-10-01T06:52:38+00:00","dateModified":"2025-02-25T13:58:19+00:00","breadcrumb":{"@id":"https:\/\/www.hibernoenglish.com\/ca\/english-level-test\/#breadcrumb"},"inLanguage":"ca","potentialAction":[{"@type":"ReadAction","target":["https:\/\/www.hibernoenglish.com\/ca\/english-level-test\/"]}]},{"@type":"ImageObject","inLanguage":"ca","@id":"https:\/\/www.hibernoenglish.com\/ca\/english-level-test\/#primaryimage","url":"https:\/\/www.hibernoenglish.com\/wp-content\/uploads\/2024\/10\/ES-2-1024x576.jpg","contentUrl":"https:\/\/www.hibernoenglish.com\/wp-content\/uploads\/2024\/10\/ES-2-1024x576.jpg"},{"@type":"BreadcrumbList","@id":"https:\/\/www.hibernoenglish.com\/ca\/english-level-test\/#breadcrumb","itemListElement":[{"@type":"ListItem","position":1,"name":"Portada","item":"https:\/\/www.hibernoenglish.com\/ca\/"},{"@type":"ListItem","position":2,"name":"English Level Test"}]},{"@type":"WebSite","@id":"https:\/\/www.hibernoenglish.com\/#website","url":"https:\/\/www.hibernoenglish.com\/","name":"Hiberno English | Escuela de Ingl\u00e9s en Sabadell","description":"Bienvenidos a Hiberno, academia de Ingl\u00e9s para adultos, ni\u00f1os, empresas, colegios y AFAS.","publisher":{"@id":"https:\/\/www.hibernoenglish.com\/#organization"},"potentialAction":[{"@type":"SearchAction","target":{"@type":"EntryPoint","urlTemplate":"https:\/\/www.hibernoenglish.com\/?s={search_term_string}"},"query-input":{"@type":"PropertyValueSpecification","valueRequired":true,"valueName":"search_term_string"}}],"inLanguage":"ca"},{"@type":"Organization","@id":"https:\/\/www.hibernoenglish.com\/#organization","name":"Hiberno English | Escuela de Ingl\u00e9s en Sabadell","url":"https:\/\/www.hibernoenglish.com\/","logo":{"@type":"ImageObject","inLanguage":"ca","@id":"https:\/\/www.hibernoenglish.com\/#\/schema\/logo\/image\/","url":"https:\/\/www.hibernoenglish.com\/wp-content\/uploads\/2025\/01\/full-color.svg","contentUrl":"https:\/\/www.hibernoenglish.com\/wp-content\/uploads\/2025\/01\/full-color.svg","width":595,"height":170,"caption":"Hiberno English | Escuela de Ingl\u00e9s en Sabadell"},"image":{"@id":"https:\/\/www.hibernoenglish.com\/#\/schema\/logo\/image\/"},"sameAs":["https:\/\/www.facebook.com\/hibernoenglish\/","https:\/\/www.instagram.com\/idiomashiberno\/","https:\/\/www.linkedin.com\/in\/hiberno-english-40a11b1b7\/"]}]}},"_links":{"self":[{"href":"https:\/\/www.hibernoenglish.com\/ca\/wp-json\/wp\/v2\/pages\/4895","targetHints":{"allow":["GET"]}}],"collection":[{"href":"https:\/\/www.hibernoenglish.com\/ca\/wp-json\/wp\/v2\/pages"}],"about":[{"href":"https:\/\/www.hibernoenglish.com\/ca\/wp-json\/wp\/v2\/types\/page"}],"author":[{"embeddable":true,"href":"https:\/\/www.hibernoenglish.com\/ca\/wp-json\/wp\/v2\/users\/2"}],"replies":[{"embeddable":true,"href":"https:\/\/www.hibernoenglish.com\/ca\/wp-json\/wp\/v2\/comments?post=4895"}],"version-history":[{"count":3,"href":"https:\/\/www.hibernoenglish.com\/ca\/wp-json\/wp\/v2\/pages\/4895\/revisions"}],"predecessor-version":[{"id":4899,"href":"https:\/\/www.hibernoenglish.com\/ca\/wp-json\/wp\/v2\/pages\/4895\/revisions\/4899"}],"wp:attachment":[{"href":"https:\/\/www.hibernoenglish.com\/ca\/wp-json\/wp\/v2\/media?parent=4895"}],"curies":[{"name":"wp","href":"https:\/\/api.w.org\/{rel}","templated":true}]}}