{"id":4885,"date":"2024-10-01T05:52:13","date_gmt":"2024-10-01T05:52:13","guid":{"rendered":"https:\/\/www.hibernoenglish.com\/declaracion-de-accesibilidad\/"},"modified":"2025-02-25T13:35:09","modified_gmt":"2025-02-25T13:35:09","slug":"declaracion-de-accesibilidad","status":"publish","type":"page","link":"https:\/\/www.hibernoenglish.com\/ca\/declaracion-de-accesibilidad\/","title":{"rendered":"Declaraci\u00f3 d&#8217;accessibilitat"},"content":{"rendered":"\t\t<div data-elementor-type=\"wp-page\" data-elementor-id=\"4885\" class=\"elementor elementor-4885 elementor-2286\" data-elementor-post-type=\"page\">\n\t\t\t\t<div class=\"elementor-element elementor-element-703982d e-flex e-con-boxed e-con e-parent\" data-id=\"703982d\" data-element_type=\"container\" data-e-type=\"container\" data-settings=\"{&quot;background_background&quot;:&quot;classic&quot;}\">\n\t\t\t\t\t<div class=\"e-con-inner\">\n\t\t<div class=\"elementor-element elementor-element-622cd47 e-con-full e-flex e-con e-child\" data-id=\"622cd47\" data-element_type=\"container\" data-e-type=\"container\">\n\t\t\t\t<div class=\"elementor-element elementor-element-9e443d1 elementor-widget elementor-widget-heading\" data-id=\"9e443d1\" data-element_type=\"widget\" data-e-type=\"widget\" data-widget_type=\"heading.default\">\n\t\t\t\t<div class=\"elementor-widget-container\">\n\t\t\t\t\t<h1 class=\"elementor-heading-title elementor-size-default\">Declaraci\u00f3 d'accessibilitat<\/h1>\t\t\t\t<\/div>\n\t\t\t\t<\/div>\n\t\t\t\t<\/div>\n\t\t\t\t\t<\/div>\n\t\t\t\t<\/div>\n\t\t\t\t<section class=\"elementor-section elementor-top-section elementor-element elementor-element-6d326ec elementor-section-boxed elementor-section-height-default elementor-section-height-default\" data-id=\"6d326ec\" data-element_type=\"section\" data-e-type=\"section\" data-settings=\"{&quot;background_background&quot;:&quot;classic&quot;,&quot;shape_divider_top&quot;:&quot;zigzag&quot;}\">\n\t\t\t\t\t<div class=\"elementor-shape elementor-shape-top\" aria-hidden=\"true\" data-negative=\"false\">\n\t\t\t<svg xmlns=\"http:\/\/www.w3.org\/2000\/svg\" viewBox=\"0 0 1800 5.8\" preserveAspectRatio=\"none\">\n  <path class=\"elementor-shape-fill\" d=\"M5.4.4l5.4 5.3L16.5.4l5.4 5.3L27.5.4 33 5.7 38.6.4l5.5 5.4h.1L49.9.4l5.4 5.3L60.9.4l5.5 5.3L72 .4l5.5 5.3L83.1.4l5.4 5.3L94.1.4l5.5 5.4h.2l5.6-5.4 5.5 5.3 5.6-5.3 5.4 5.3 5.6-5.3 5.5 5.3 5.6-5.3 5.5 5.4h.2l5.6-5.4 5.4 5.3L161 .4l5.4 5.3L172 .4l5.5 5.3 5.6-5.3 5.4 5.3 5.7-5.3 5.4 5.4h.2l5.6-5.4 5.5 5.3 5.6-5.3 5.5 5.3 5.6-5.3 5.4 5.3 5.6-5.3 5.5 5.4h.2l5.6-5.4 5.5 5.3L261 .4l5.4 5.3L272 .4l5.5 5.3 5.6-5.3 5.5 5.3 5.6-5.3 5.5 5.4h.1l5.7-5.4 5.4 5.3 5.6-5.3 5.5 5.3 5.6-5.3 5.4 5.3 5.7-5.3 5.4 5.4h.2l5.6-5.4 5.5 5.3L361 .4l5.5 5.3 5.6-5.3 5.4 5.3 5.6-5.3 5.5 5.3 5.6-5.3 5.5 5.4h.1l5.7-5.4 5.4 5.3 5.6-5.3 5.5 5.3 5.6-5.3 5.5 5.3 5.6-5.3 5.5 5.4h.1l5.6-5.4 5.5 5.3L461 .4l5.5 5.3 5.6-5.3 5.4 5.3 5.7-5.3 5.4 5.3 5.6-5.3 5.5 5.4h.2l5.6-5.4 5.5 5.3 5.6-5.3 5.4 5.3 5.6-5.3 5.5 5.3 5.6-5.3 5.5 5.4h.1L550 .4l5.4 5.3L561 .4l5.5 5.3 5.6-5.3 5.5 5.3 5.6-5.3 5.4 5.3 5.6-5.3 5.5 5.4h.2l5.6-5.4 5.5 5.3 5.6-5.3 5.4 5.3 5.7-5.3 5.4 5.3 5.6-5.3 5.5 5.4h.2L650 .4l5.5 5.3 5.6-5.3 5.4 5.3 5.6-5.3 5.5 5.3 5.6-5.3 5.5 5.3 5.6-5.3 5.4 5.4h.2l5.6-5.4 5.5 5.3 5.6-5.3 5.5 5.3 5.6-5.3 5.4 5.3 5.6-5.3 5.5 5.4h.2L750 .4l5.5 5.3 5.6-5.3 5.4 5.3 5.7-5.3 5.4 5.3 5.6-5.3 5.5 5.3 5.6-5.3 5.5 5.4h.1l5.7-5.4 5.4 5.3 5.6-5.3 5.5 5.3 5.6-5.3 5.5 5.3 5.6-5.3 5.4 5.4h.2L850 .4l5.5 5.3 5.6-5.3 5.5 5.3 5.6-5.3 5.4 5.3 5.6-5.3 5.5 5.3 5.6-5.3 5.5 5.4h.2l5.6-5.4 5.4 5.3 5.7-5.3 5.4 5.3 5.6-5.3 5.5 5.3 5.6-5.3 5.5 5.4h.1l5.7-5.4 5.4 5.3 5.6-5.3 5.5 5.3 5.6-5.3 5.5 5.3 5.6-5.3 5.4 5.3 5.6-5.3 5.5 5.4h.2l5.6-5.4 5.5 5.3 5.6-5.3 5.4 5.3 5.6-5.3 5.5 5.3 5.6-5.3 5.5 5.4h.2l5.6-5.4 5.4 5.3 5.7-5.3 5.4 5.3 5.6-5.3 5.5 5.3 5.6-5.3 5.5 5.3 5.6-5.3 5.4 5.4h.2l5.6-5.4 5.5 5.3 5.6-5.3 5.5 5.3 5.6-5.3 5.4 5.3 5.6-5.3 5.5 5.4h.2l5.6-5.4 5.5 5.3 5.6-5.3 5.4 5.3 5.6-5.3 5.5 5.3 5.6-5.3 5.5 5.3 5.6-5.3 5.5 5.4h.1l5.7-5.4 5.4 5.3 5.6-5.3 5.5 5.3 5.6-5.3 5.5 5.3 5.6-5.3 5.4 5.4h.2l5.6-5.4 5.5 5.3 5.6-5.3 5.5 5.3 5.6-5.3 5.4 5.3 5.6-5.3 5.5 5.3 5.6-5.3 5.5 5.4h.2l5.6-5.4 5.4 5.3 5.6-5.3 5.5 5.3 5.6-5.3 5.5 5.3 5.6-5.3 5.5 5.4h.1l5.7-5.4 5.4 5.3 5.6-5.3 5.5 5.3 5.6-5.3 5.5 5.3 5.6-5.3 5.4 5.3 5.6-5.3 5.5 5.4h.2l5.6-5.4 5.5 5.3 5.6-5.3 5.4 5.3 5.6-5.3 5.5 5.3 5.6-5.3 5.5 5.4h.2l5.6-5.4 5.4 5.3 5.6-5.3 5.5 5.3 5.6-5.3 5.5 5.3 5.6-5.3 5.4 5.3 5.7-5.3 5.4 5.4h.2l5.6-5.4 5.5 5.3 5.6-5.3 5.5 5.3 5.6-5.3 5.4 5.3 5.6-5.3 5.5 5.4h.2l5.6-5.4 5.5 5.3 5.6-5.3 5.4 5.3 5.6-5.3 5.5 5.3 5.6-5.3 5.5 5.3 5.6-5.3 5.5 5.4h.1l5.6-5.4 5.5 5.3 5.6-5.3 5.5 5.3 5.6-5.3 5.4 5.3 5.7-5.3 5.4 5.4h.2l5.6-5.4 5.5 5.3 5.6-5.3 5.5 5.3 5.6-5.3 5.4 5.3 5.6-5.3 5.5 5.3 5.6-5.3 5.5 5.4h.1l5.7-5.4 5.4 5.3 5.6-5.3 5.5 5.3 5.6-5.3 5.5 5.3 5.6-5.3 5.5 5.4h.1l5.6-5.4 5.5 5.3 5.6-5.3 5.5 5.3 5.6-5.3 5.4 5.3 5.7-5.3 5.4 5.3 5.6-5.3 5.5 5.4V0H-.2v5.8z\"\/>\n<\/svg>\n\t\t<\/div>\n\t\t\t\t\t<div class=\"elementor-container elementor-column-gap-default\">\n\t\t\t\t\t<div class=\"elementor-column elementor-col-100 elementor-top-column elementor-element elementor-element-042f770 elementor-invisible\" data-id=\"042f770\" data-element_type=\"column\" data-e-type=\"column\" data-settings=\"{&quot;animation&quot;:&quot;fadeInUp&quot;,&quot;animation_delay&quot;:200}\">\n\t\t\t<div class=\"elementor-widget-wrap elementor-element-populated\">\n\t\t\t\t\t\t<div class=\"elementor-element elementor-element-9a2427e elementor-widget elementor-widget-text-editor\" data-id=\"9a2427e\" data-element_type=\"widget\" data-e-type=\"widget\" data-widget_type=\"text-editor.default\">\n\t\t\t\t<div class=\"elementor-widget-container\">\n\t\t\t\t\t\t\t\t\t<p>Idiomes Hiberno Sl. s&#8217;ha comprom\u00e8s a fer accessible el vostre lloc web, de conformitat amb el Reial Decret 1112\/2018, de 7 de setembre, sobre accessibilitat dels llocs web i aplicacions per a dispositius m\u00f2bils del sector p\u00fablic.<\/p>\n<p>Aquesta declaraci\u00f3 d&#8217;accessibilitat s&#8217;aplica al web https:\/\/www.hiberno.com\/<\/p>\n<p><strong>Situaci\u00f3 de compliment<\/strong><\/p>\n<p>Aquest lloc web est\u00e0 desenvolupat d&#8217;acord amb el RD 1112\/2018<\/p>\n<p><strong>Preparaci\u00f3 per a la seg\u00fcent declaraci\u00f3 d&#8217;accessibilitat<\/strong><\/p>\n<p>Aquesta declaraci\u00f3 va ser preparada el 2 de gener de 2023.<\/p>\n<p>El m\u00e8tode emprat per preparar la declaraci\u00f3 ha estat una autoavaluaci\u00f3.<\/p>\n<p><strong>Observacions i dades de contacte<\/strong><\/p>\n<p>Podeu realitzar comunicacions sobre requisits d&#8217;accessibilitat (article 10.2.a del RD 1112\/2018) com ara:<\/p>\n<ul>\n<li>Informar sobre qualsevol possible incompliment per part d&#8217;aquest lloc web<\/li>\n<li>Transmetre altres dificultats d&#8217;acc\u00e9s al contingut<\/li>\n<li>Formular qualsevol altra consulta o suggeriment de millora relativa a l&#8217;accessibilitat del lloc web<\/li>\n<\/ul>\n<p>a trav\u00e9s del formulari de contacte d&#8217;aquest lloc web o mitjan\u00e7ant el n\u00famero de tel\u00e8fon +34 93 725 12 21.<\/p>\n<p>Podeu presentar:<\/p>\n<ul>\n<li>Queixa relativa al compliment dels requisits del RD 1112\/2018 o<\/li>\n<li>Sol\u00b7licitud d&#8217;informaci\u00f3 accessible relativa a:\n<ul>\n<li>Continguts que estan exclosos de l\u00e0mbit daplicaci\u00f3 del RD 1112\/2018 segons el que estableix larticle 3, apartat 4<\/li>\n<li>Continguts que estan exempts del compliment dels requisits d&#8217;accessibilitat per imposar una c\u00e0rrega desproporcionada<\/li>\n<\/ul>\n<\/li>\n<\/ul>\n<p>A la Sol\u00b7licitud d&#8217;informaci\u00f3 accessible, cal concretar, amb tota claredat, els fets, les raons i la petici\u00f3 que permetin constatar que es tracta d&#8217;una sol\u00b7licitud raonable i leg\u00edtima.<\/p>\n<p>Les queixes i reclamacions sobre informaci\u00f3 accessible es realitzaran a trav\u00e9s de la seu electr\u00f2nica (<a href=\"https:\/\/sede.red.gob.es\/procedimientos\/quejas-y-sugerencias\">https:\/\/sede.red.gob.es\/procedimientos\/quejas-y-sugerencias)<\/a>, i seran rebudes i tractades per l&#8217;\u00e0rea de Sistemes de la Informaci\u00f3 de Red.es.<\/p>\n<p><strong>Contingut opcional<\/strong><\/p>\n<p>Si voleu canviar la mida de lletra del text als principals navegadors gr\u00e0fics utilitzeu els men\u00fas seg\u00fcents:<\/p>\n<ul>\n<li>Internet Explorer, Mozilla i Firefox: Veure &gt; Mida del text<\/li>\n<li>Opera: Veure &gt; Zoom<\/li>\n<li>Safari: Veure &gt; Fer el text m\u00e9s gran<\/li>\n<li>Chrome: Controla la p\u00e0gina actual &gt; Mida del text<\/li>\n<li>Per modificar la mida de tot a la p\u00e0gina:\n<ul>\n<li>Ctrl + + per augmentar-ho<\/li>\n<li>Ctrl + \u2013 per disminuir-ho<\/li>\n<li>Ctrl + 0 restaura la mida original del text<\/li>\n<li>Si el que voleu \u00e9s anul\u00b7lar el full d&#8217;estils o modificar el color del text, podeu consultar la p\u00e0gina How to Change Text Size or Colors de la WAI, que es pot llegir tradu\u00eft a l&#8217;espanyol a Com canviar la mida del text o colors?<\/li>\n<\/ul>\n<\/li>\n<\/ul>\t\t\t\t\t\t\t\t<\/div>\n\t\t\t\t<\/div>\n\t\t\t\t\t<\/div>\n\t\t<\/div>\n\t\t\t\t\t<\/div>\n\t\t<\/section>\n\t\t\t\t<\/div>\n\t\t","protected":false},"excerpt":{"rendered":"<p>Declaraci\u00f3 d&#8217;accessibilitat Idiomes Hiberno Sl. s&#8217;ha comprom\u00e8s a fer accessible el vostre lloc web, de conformitat amb el Reial Decret 1112\/2018, de 7 de setembre, sobre accessibilitat dels llocs web i aplicacions per a dispositius m\u00f2bils del sector p\u00fablic. Aquesta declaraci\u00f3 d&#8217;accessibilitat s&#8217;aplica al web https:\/\/www.hiberno.com\/ Situaci\u00f3 de compliment Aquest lloc web est\u00e0 desenvolupat d&#8217;acord [&hellip;]<\/p>\n","protected":false},"author":2,"featured_media":0,"parent":0,"menu_order":0,"comment_status":"closed","ping_status":"closed","template":"","meta":{"_acf_changed":false,"_monsterinsights_skip_tracking":false,"_monsterinsights_sitenote_active":false,"_monsterinsights_sitenote_note":"","_monsterinsights_sitenote_category":0,"_joinchat":[],"footnotes":""},"class_list":["post-4885","page","type-page","status-publish","hentry"],"acf":[],"yoast_head":"<!-- This site is optimized with the Yoast SEO plugin v27.2 - https:\/\/yoast.com\/product\/yoast-seo-wordpress\/ -->\n<title>Declaraci\u00f3 d&#039;accessibilitat - Hiberno English | Escuela de Ingl\u00e9s en Sabadell<\/title>\n<meta name=\"robots\" content=\"index, follow, max-snippet:-1, max-image-preview:large, max-video-preview:-1\" \/>\n<link rel=\"canonical\" href=\"https:\/\/www.hibernoenglish.com\/ca\/declaracion-de-accesibilidad\/\" \/>\n<meta property=\"og:locale\" content=\"ca_ES\" \/>\n<meta property=\"og:type\" content=\"article\" \/>\n<meta property=\"og:title\" content=\"Declaraci\u00f3 d&#039;accessibilitat - Hiberno English | Escuela de Ingl\u00e9s en Sabadell\" \/>\n<meta property=\"og:description\" content=\"Declaraci\u00f3 d&#8217;accessibilitat Idiomes Hiberno Sl. s&#8217;ha comprom\u00e8s a fer accessible el vostre lloc web, de conformitat amb el Reial Decret 1112\/2018, de 7 de setembre, sobre accessibilitat dels llocs web i aplicacions per a dispositius m\u00f2bils del sector p\u00fablic. Aquesta declaraci\u00f3 d&#8217;accessibilitat s&#8217;aplica al web https:\/\/www.hiberno.com\/ Situaci\u00f3 de compliment Aquest lloc web est\u00e0 desenvolupat d&#8217;acord [&hellip;]\" \/>\n<meta property=\"og:url\" content=\"https:\/\/www.hibernoenglish.com\/ca\/declaracion-de-accesibilidad\/\" \/>\n<meta property=\"og:site_name\" content=\"Hiberno English | Escuela de Ingl\u00e9s en Sabadell\" \/>\n<meta property=\"article:publisher\" content=\"https:\/\/www.facebook.com\/hibernoenglish\/\" \/>\n<meta property=\"article:modified_time\" content=\"2025-02-25T13:35:09+00:00\" \/>\n<meta name=\"twitter:card\" content=\"summary_large_image\" \/>\n<meta name=\"twitter:label1\" content=\"Temps estimat de lectura\" \/>\n\t<meta name=\"twitter:data1\" content=\"3 minuts\" \/>\n<script type=\"application\/ld+json\" class=\"yoast-schema-graph\">{\"@context\":\"https:\/\/schema.org\",\"@graph\":[{\"@type\":\"WebPage\",\"@id\":\"https:\/\/www.hibernoenglish.com\/ca\/declaracion-de-accesibilidad\/\",\"url\":\"https:\/\/www.hibernoenglish.com\/ca\/declaracion-de-accesibilidad\/\",\"name\":\"Declaraci\u00f3 d'accessibilitat - Hiberno English | Escuela de Ingl\u00e9s en Sabadell\",\"isPartOf\":{\"@id\":\"https:\/\/www.hibernoenglish.com\/#website\"},\"datePublished\":\"2024-10-01T05:52:13+00:00\",\"dateModified\":\"2025-02-25T13:35:09+00:00\",\"breadcrumb\":{\"@id\":\"https:\/\/www.hibernoenglish.com\/ca\/declaracion-de-accesibilidad\/#breadcrumb\"},\"inLanguage\":\"ca\",\"potentialAction\":[{\"@type\":\"ReadAction\",\"target\":[\"https:\/\/www.hibernoenglish.com\/ca\/declaracion-de-accesibilidad\/\"]}]},{\"@type\":\"BreadcrumbList\",\"@id\":\"https:\/\/www.hibernoenglish.com\/ca\/declaracion-de-accesibilidad\/#breadcrumb\",\"itemListElement\":[{\"@type\":\"ListItem\",\"position\":1,\"name\":\"Portada\",\"item\":\"https:\/\/www.hibernoenglish.com\/ca\/\"},{\"@type\":\"ListItem\",\"position\":2,\"name\":\"Declaraci\u00f3 d&#8217;accessibilitat\"}]},{\"@type\":\"WebSite\",\"@id\":\"https:\/\/www.hibernoenglish.com\/#website\",\"url\":\"https:\/\/www.hibernoenglish.com\/\",\"name\":\"Hiberno English | Escuela de Ingl\u00e9s en Sabadell\",\"description\":\"Bienvenidos a Hiberno, academia de Ingl\u00e9s para adultos, ni\u00f1os, empresas, colegios y AFAS.\",\"publisher\":{\"@id\":\"https:\/\/www.hibernoenglish.com\/#organization\"},\"potentialAction\":[{\"@type\":\"SearchAction\",\"target\":{\"@type\":\"EntryPoint\",\"urlTemplate\":\"https:\/\/www.hibernoenglish.com\/?s={search_term_string}\"},\"query-input\":{\"@type\":\"PropertyValueSpecification\",\"valueRequired\":true,\"valueName\":\"search_term_string\"}}],\"inLanguage\":\"ca\"},{\"@type\":\"Organization\",\"@id\":\"https:\/\/www.hibernoenglish.com\/#organization\",\"name\":\"Hiberno English | Escuela de Ingl\u00e9s en Sabadell\",\"url\":\"https:\/\/www.hibernoenglish.com\/\",\"logo\":{\"@type\":\"ImageObject\",\"inLanguage\":\"ca\",\"@id\":\"https:\/\/www.hibernoenglish.com\/#\/schema\/logo\/image\/\",\"url\":\"https:\/\/www.hibernoenglish.com\/wp-content\/uploads\/2025\/01\/full-color.svg\",\"contentUrl\":\"https:\/\/www.hibernoenglish.com\/wp-content\/uploads\/2025\/01\/full-color.svg\",\"width\":595,\"height\":170,\"caption\":\"Hiberno English | Escuela de Ingl\u00e9s en Sabadell\"},\"image\":{\"@id\":\"https:\/\/www.hibernoenglish.com\/#\/schema\/logo\/image\/\"},\"sameAs\":[\"https:\/\/www.facebook.com\/hibernoenglish\/\",\"https:\/\/www.instagram.com\/idiomashiberno\/\",\"https:\/\/www.linkedin.com\/in\/hiberno-english-40a11b1b7\/\"]}]}<\/script>\n<!-- \/ Yoast SEO plugin. -->","yoast_head_json":{"title":"Declaraci\u00f3 d'accessibilitat - Hiberno English | Escuela de Ingl\u00e9s en Sabadell","robots":{"index":"index","follow":"follow","max-snippet":"max-snippet:-1","max-image-preview":"max-image-preview:large","max-video-preview":"max-video-preview:-1"},"canonical":"https:\/\/www.hibernoenglish.com\/ca\/declaracion-de-accesibilidad\/","og_locale":"ca_ES","og_type":"article","og_title":"Declaraci\u00f3 d'accessibilitat - Hiberno English | Escuela de Ingl\u00e9s en Sabadell","og_description":"Declaraci\u00f3 d&#8217;accessibilitat Idiomes Hiberno Sl. s&#8217;ha comprom\u00e8s a fer accessible el vostre lloc web, de conformitat amb el Reial Decret 1112\/2018, de 7 de setembre, sobre accessibilitat dels llocs web i aplicacions per a dispositius m\u00f2bils del sector p\u00fablic. Aquesta declaraci\u00f3 d&#8217;accessibilitat s&#8217;aplica al web https:\/\/www.hiberno.com\/ Situaci\u00f3 de compliment Aquest lloc web est\u00e0 desenvolupat d&#8217;acord [&hellip;]","og_url":"https:\/\/www.hibernoenglish.com\/ca\/declaracion-de-accesibilidad\/","og_site_name":"Hiberno English | Escuela de Ingl\u00e9s en Sabadell","article_publisher":"https:\/\/www.facebook.com\/hibernoenglish\/","article_modified_time":"2025-02-25T13:35:09+00:00","twitter_card":"summary_large_image","twitter_misc":{"Temps estimat de lectura":"3 minuts"},"schema":{"@context":"https:\/\/schema.org","@graph":[{"@type":"WebPage","@id":"https:\/\/www.hibernoenglish.com\/ca\/declaracion-de-accesibilidad\/","url":"https:\/\/www.hibernoenglish.com\/ca\/declaracion-de-accesibilidad\/","name":"Declaraci\u00f3 d'accessibilitat - Hiberno English | Escuela de Ingl\u00e9s en Sabadell","isPartOf":{"@id":"https:\/\/www.hibernoenglish.com\/#website"},"datePublished":"2024-10-01T05:52:13+00:00","dateModified":"2025-02-25T13:35:09+00:00","breadcrumb":{"@id":"https:\/\/www.hibernoenglish.com\/ca\/declaracion-de-accesibilidad\/#breadcrumb"},"inLanguage":"ca","potentialAction":[{"@type":"ReadAction","target":["https:\/\/www.hibernoenglish.com\/ca\/declaracion-de-accesibilidad\/"]}]},{"@type":"BreadcrumbList","@id":"https:\/\/www.hibernoenglish.com\/ca\/declaracion-de-accesibilidad\/#breadcrumb","itemListElement":[{"@type":"ListItem","position":1,"name":"Portada","item":"https:\/\/www.hibernoenglish.com\/ca\/"},{"@type":"ListItem","position":2,"name":"Declaraci\u00f3 d&#8217;accessibilitat"}]},{"@type":"WebSite","@id":"https:\/\/www.hibernoenglish.com\/#website","url":"https:\/\/www.hibernoenglish.com\/","name":"Hiberno English | Escuela de Ingl\u00e9s en Sabadell","description":"Bienvenidos a Hiberno, academia de Ingl\u00e9s para adultos, ni\u00f1os, empresas, colegios y AFAS.","publisher":{"@id":"https:\/\/www.hibernoenglish.com\/#organization"},"potentialAction":[{"@type":"SearchAction","target":{"@type":"EntryPoint","urlTemplate":"https:\/\/www.hibernoenglish.com\/?s={search_term_string}"},"query-input":{"@type":"PropertyValueSpecification","valueRequired":true,"valueName":"search_term_string"}}],"inLanguage":"ca"},{"@type":"Organization","@id":"https:\/\/www.hibernoenglish.com\/#organization","name":"Hiberno English | Escuela de Ingl\u00e9s en Sabadell","url":"https:\/\/www.hibernoenglish.com\/","logo":{"@type":"ImageObject","inLanguage":"ca","@id":"https:\/\/www.hibernoenglish.com\/#\/schema\/logo\/image\/","url":"https:\/\/www.hibernoenglish.com\/wp-content\/uploads\/2025\/01\/full-color.svg","contentUrl":"https:\/\/www.hibernoenglish.com\/wp-content\/uploads\/2025\/01\/full-color.svg","width":595,"height":170,"caption":"Hiberno English | Escuela de Ingl\u00e9s en Sabadell"},"image":{"@id":"https:\/\/www.hibernoenglish.com\/#\/schema\/logo\/image\/"},"sameAs":["https:\/\/www.facebook.com\/hibernoenglish\/","https:\/\/www.instagram.com\/idiomashiberno\/","https:\/\/www.linkedin.com\/in\/hiberno-english-40a11b1b7\/"]}]}},"_links":{"self":[{"href":"https:\/\/www.hibernoenglish.com\/ca\/wp-json\/wp\/v2\/pages\/4885","targetHints":{"allow":["GET"]}}],"collection":[{"href":"https:\/\/www.hibernoenglish.com\/ca\/wp-json\/wp\/v2\/pages"}],"about":[{"href":"https:\/\/www.hibernoenglish.com\/ca\/wp-json\/wp\/v2\/types\/page"}],"author":[{"embeddable":true,"href":"https:\/\/www.hibernoenglish.com\/ca\/wp-json\/wp\/v2\/users\/2"}],"replies":[{"embeddable":true,"href":"https:\/\/www.hibernoenglish.com\/ca\/wp-json\/wp\/v2\/comments?post=4885"}],"version-history":[{"count":4,"href":"https:\/\/www.hibernoenglish.com\/ca\/wp-json\/wp\/v2\/pages\/4885\/revisions"}],"predecessor-version":[{"id":4889,"href":"https:\/\/www.hibernoenglish.com\/ca\/wp-json\/wp\/v2\/pages\/4885\/revisions\/4889"}],"wp:attachment":[{"href":"https:\/\/www.hibernoenglish.com\/ca\/wp-json\/wp\/v2\/media?parent=4885"}],"curies":[{"name":"wp","href":"https:\/\/api.w.org\/{rel}","templated":true}]}}