{"id":4869,"date":"2024-09-30T18:31:17","date_gmt":"2024-09-30T18:31:17","guid":{"rendered":"https:\/\/www.hibernoenglish.com\/aviso-legal\/"},"modified":"2025-02-25T12:17:46","modified_gmt":"2025-02-25T12:17:46","slug":"avis-legal","status":"publish","type":"page","link":"https:\/\/www.hibernoenglish.com\/ca\/avis-legal\/","title":{"rendered":"Av\u00eds legal"},"content":{"rendered":"\t\t<div data-elementor-type=\"wp-page\" data-elementor-id=\"4869\" class=\"elementor elementor-4869 elementor-2265\" data-elementor-post-type=\"page\">\n\t\t\t\t<div class=\"elementor-element elementor-element-703982d e-flex e-con-boxed e-con e-parent\" data-id=\"703982d\" data-element_type=\"container\" data-e-type=\"container\" data-settings=\"{&quot;background_background&quot;:&quot;classic&quot;}\">\n\t\t\t\t\t<div class=\"e-con-inner\">\n\t\t<div class=\"elementor-element elementor-element-622cd47 e-con-full e-flex e-con e-child\" data-id=\"622cd47\" data-element_type=\"container\" data-e-type=\"container\">\n\t\t\t\t<div class=\"elementor-element elementor-element-9e443d1 elementor-widget elementor-widget-heading\" data-id=\"9e443d1\" data-element_type=\"widget\" data-e-type=\"widget\" data-widget_type=\"heading.default\">\n\t\t\t\t<div class=\"elementor-widget-container\">\n\t\t\t\t\t<h1 class=\"elementor-heading-title elementor-size-default\">Av\u00eds legal<\/h1>\t\t\t\t<\/div>\n\t\t\t\t<\/div>\n\t\t\t\t<\/div>\n\t\t\t\t\t<\/div>\n\t\t\t\t<\/div>\n\t\t\t\t<section class=\"elementor-section elementor-top-section elementor-element elementor-element-8b0f480 elementor-section-boxed elementor-section-height-default elementor-section-height-default\" data-id=\"8b0f480\" data-element_type=\"section\" data-e-type=\"section\" data-settings=\"{&quot;background_background&quot;:&quot;classic&quot;,&quot;shape_divider_top&quot;:&quot;zigzag&quot;}\">\n\t\t\t\t\t<div class=\"elementor-shape elementor-shape-top\" aria-hidden=\"true\" data-negative=\"false\">\n\t\t\t<svg xmlns=\"http:\/\/www.w3.org\/2000\/svg\" viewBox=\"0 0 1800 5.8\" preserveAspectRatio=\"none\">\n  <path class=\"elementor-shape-fill\" d=\"M5.4.4l5.4 5.3L16.5.4l5.4 5.3L27.5.4 33 5.7 38.6.4l5.5 5.4h.1L49.9.4l5.4 5.3L60.9.4l5.5 5.3L72 .4l5.5 5.3L83.1.4l5.4 5.3L94.1.4l5.5 5.4h.2l5.6-5.4 5.5 5.3 5.6-5.3 5.4 5.3 5.6-5.3 5.5 5.3 5.6-5.3 5.5 5.4h.2l5.6-5.4 5.4 5.3L161 .4l5.4 5.3L172 .4l5.5 5.3 5.6-5.3 5.4 5.3 5.7-5.3 5.4 5.4h.2l5.6-5.4 5.5 5.3 5.6-5.3 5.5 5.3 5.6-5.3 5.4 5.3 5.6-5.3 5.5 5.4h.2l5.6-5.4 5.5 5.3L261 .4l5.4 5.3L272 .4l5.5 5.3 5.6-5.3 5.5 5.3 5.6-5.3 5.5 5.4h.1l5.7-5.4 5.4 5.3 5.6-5.3 5.5 5.3 5.6-5.3 5.4 5.3 5.7-5.3 5.4 5.4h.2l5.6-5.4 5.5 5.3L361 .4l5.5 5.3 5.6-5.3 5.4 5.3 5.6-5.3 5.5 5.3 5.6-5.3 5.5 5.4h.1l5.7-5.4 5.4 5.3 5.6-5.3 5.5 5.3 5.6-5.3 5.5 5.3 5.6-5.3 5.5 5.4h.1l5.6-5.4 5.5 5.3L461 .4l5.5 5.3 5.6-5.3 5.4 5.3 5.7-5.3 5.4 5.3 5.6-5.3 5.5 5.4h.2l5.6-5.4 5.5 5.3 5.6-5.3 5.4 5.3 5.6-5.3 5.5 5.3 5.6-5.3 5.5 5.4h.1L550 .4l5.4 5.3L561 .4l5.5 5.3 5.6-5.3 5.5 5.3 5.6-5.3 5.4 5.3 5.6-5.3 5.5 5.4h.2l5.6-5.4 5.5 5.3 5.6-5.3 5.4 5.3 5.7-5.3 5.4 5.3 5.6-5.3 5.5 5.4h.2L650 .4l5.5 5.3 5.6-5.3 5.4 5.3 5.6-5.3 5.5 5.3 5.6-5.3 5.5 5.3 5.6-5.3 5.4 5.4h.2l5.6-5.4 5.5 5.3 5.6-5.3 5.5 5.3 5.6-5.3 5.4 5.3 5.6-5.3 5.5 5.4h.2L750 .4l5.5 5.3 5.6-5.3 5.4 5.3 5.7-5.3 5.4 5.3 5.6-5.3 5.5 5.3 5.6-5.3 5.5 5.4h.1l5.7-5.4 5.4 5.3 5.6-5.3 5.5 5.3 5.6-5.3 5.5 5.3 5.6-5.3 5.4 5.4h.2L850 .4l5.5 5.3 5.6-5.3 5.5 5.3 5.6-5.3 5.4 5.3 5.6-5.3 5.5 5.3 5.6-5.3 5.5 5.4h.2l5.6-5.4 5.4 5.3 5.7-5.3 5.4 5.3 5.6-5.3 5.5 5.3 5.6-5.3 5.5 5.4h.1l5.7-5.4 5.4 5.3 5.6-5.3 5.5 5.3 5.6-5.3 5.5 5.3 5.6-5.3 5.4 5.3 5.6-5.3 5.5 5.4h.2l5.6-5.4 5.5 5.3 5.6-5.3 5.4 5.3 5.6-5.3 5.5 5.3 5.6-5.3 5.5 5.4h.2l5.6-5.4 5.4 5.3 5.7-5.3 5.4 5.3 5.6-5.3 5.5 5.3 5.6-5.3 5.5 5.3 5.6-5.3 5.4 5.4h.2l5.6-5.4 5.5 5.3 5.6-5.3 5.5 5.3 5.6-5.3 5.4 5.3 5.6-5.3 5.5 5.4h.2l5.6-5.4 5.5 5.3 5.6-5.3 5.4 5.3 5.6-5.3 5.5 5.3 5.6-5.3 5.5 5.3 5.6-5.3 5.5 5.4h.1l5.7-5.4 5.4 5.3 5.6-5.3 5.5 5.3 5.6-5.3 5.5 5.3 5.6-5.3 5.4 5.4h.2l5.6-5.4 5.5 5.3 5.6-5.3 5.5 5.3 5.6-5.3 5.4 5.3 5.6-5.3 5.5 5.3 5.6-5.3 5.5 5.4h.2l5.6-5.4 5.4 5.3 5.6-5.3 5.5 5.3 5.6-5.3 5.5 5.3 5.6-5.3 5.5 5.4h.1l5.7-5.4 5.4 5.3 5.6-5.3 5.5 5.3 5.6-5.3 5.5 5.3 5.6-5.3 5.4 5.3 5.6-5.3 5.5 5.4h.2l5.6-5.4 5.5 5.3 5.6-5.3 5.4 5.3 5.6-5.3 5.5 5.3 5.6-5.3 5.5 5.4h.2l5.6-5.4 5.4 5.3 5.6-5.3 5.5 5.3 5.6-5.3 5.5 5.3 5.6-5.3 5.4 5.3 5.7-5.3 5.4 5.4h.2l5.6-5.4 5.5 5.3 5.6-5.3 5.5 5.3 5.6-5.3 5.4 5.3 5.6-5.3 5.5 5.4h.2l5.6-5.4 5.5 5.3 5.6-5.3 5.4 5.3 5.6-5.3 5.5 5.3 5.6-5.3 5.5 5.3 5.6-5.3 5.5 5.4h.1l5.6-5.4 5.5 5.3 5.6-5.3 5.5 5.3 5.6-5.3 5.4 5.3 5.7-5.3 5.4 5.4h.2l5.6-5.4 5.5 5.3 5.6-5.3 5.5 5.3 5.6-5.3 5.4 5.3 5.6-5.3 5.5 5.3 5.6-5.3 5.5 5.4h.1l5.7-5.4 5.4 5.3 5.6-5.3 5.5 5.3 5.6-5.3 5.5 5.3 5.6-5.3 5.5 5.4h.1l5.6-5.4 5.5 5.3 5.6-5.3 5.5 5.3 5.6-5.3 5.4 5.3 5.7-5.3 5.4 5.3 5.6-5.3 5.5 5.4V0H-.2v5.8z\"\/>\n<\/svg>\n\t\t<\/div>\n\t\t\t\t\t<div class=\"elementor-container elementor-column-gap-default\">\n\t\t\t\t\t<div class=\"elementor-column elementor-col-100 elementor-top-column elementor-element elementor-element-b9f4e88 elementor-invisible\" data-id=\"b9f4e88\" data-element_type=\"column\" data-e-type=\"column\" data-settings=\"{&quot;animation&quot;:&quot;fadeInUp&quot;,&quot;animation_delay&quot;:200}\">\n\t\t\t<div class=\"elementor-widget-wrap elementor-element-populated\">\n\t\t\t\t\t\t<div class=\"elementor-element elementor-element-588444d elementor-widget elementor-widget-text-editor\" data-id=\"588444d\" data-element_type=\"widget\" data-e-type=\"widget\" data-widget_type=\"text-editor.default\">\n\t\t\t\t<div class=\"elementor-widget-container\">\n\t\t\t\t\t\t\t\t\t<p>De conformitat amb la Llei 34\/2002, de Serveis de la Societat de la Informaci\u00f3 i de Comer\u00e7 Electr\u00f2nic, us informem que aquesta web \u00e9s titularitat d&#8217;Idiomes Hiberno Sl, (d&#8217;ara endavant \u201cEL TITULAR\u201d), amb CIF: B02772127, amb domicili al c\/ Torras i Bages 2 B local 3<br \/>08201 Sabadell; tel\u00e8fon +34 93 725 12 21.<\/p>\n<p>\u00a0<\/p>\n<p><strong>PROPIETAT INTEL\u00b7LECTUAL I INDUSTRIAL<\/strong><\/p>\n<p>Els continguts d&#8217;aquest lloc, incloent-hi els textos, imatges i dissenys gr\u00e0fics, pertanyen a EL TITULAR, oa tercers que n&#8217;han autoritzat l&#8217;\u00fas. EL TITULAR presenta aquests continguts amb finalitats dinformaci\u00f3 i promoci\u00f3. EL TITULAR n&#8217;autoritza la utilitzaci\u00f3 exclusivament amb aquestes finalitats. Qualsevol utilitzaci\u00f3 d&#8217;aquests dissenys, imatges o textos haur\u00e0 de citar expressament la seva pertinen\u00e7a a EL TITULAR, que es reserva el dret a iniciar les accions legals oportunes per reparar els danys i els perjudicis causats per qualsevol acte que vulneri els seus drets de propietat intel\u00b7lectual o industrial.<\/p>\n<p>\u00a0<\/p>\n<p><strong>EXCLUSI\u00d3 DE RESPONSABILITAT<\/strong><\/p>\n<p>EL TITULAR actua amb la m\u00e0xima dilig\u00e8ncia possible perqu\u00e8 les dades i la informaci\u00f3 que ofereix al vostre lloc web estigui actualitzada en tom moment, si b\u00e9 no garanteix ni es fa responsable de l&#8217;exactitud i actualitzaci\u00f3 dels continguts del lloc web, reservant-se el dret a modificar aquests continguts en qualsevol moment. EL TITULAR tampoc no ser\u00e0 responsable de la informaci\u00f3 que es pugui obtenir a trav\u00e9s d&#8217;enlla\u00e7os inclosos al lloc web.<\/p>\n<p>Les relacions comercials amb els clients es regeixen per les Condicions Generals que, si s&#8217;escau, el TITULAR estableixi en un document espec\u00edfic a aquest efecte, o pels pactes concrets que es puguin acordar amb els clients.<\/p>\n<p>\u00a0<\/p>\n<p><strong>CONDICIONS D&#8217;\u00daS<\/strong><\/p>\n<p>L\u00b4\u00fas d\u00b4aquest lloc web implica l\u00b4acceptaci\u00f3 plena dels termes del present av\u00eds legal. Els possibles conflictes relatius a aquest lloc web es regiran exclusivament pel dret de l&#8217;Estat Espanyol. Tota persona usu\u00e0ria de la web, independentment de la jurisdicci\u00f3 territorial des de la qual es produeixi el seu acc\u00e9s, accepta el compliment i respecte d&#8217;aquestes cl\u00e0usules amb ren\u00fancia expressa a qualsevol altre fur que li pogu\u00e9s correspondre.<\/p>\t\t\t\t\t\t\t\t<\/div>\n\t\t\t\t<\/div>\n\t\t\t\t\t<\/div>\n\t\t<\/div>\n\t\t\t\t\t<\/div>\n\t\t<\/section>\n\t\t\t\t<\/div>\n\t\t","protected":false},"excerpt":{"rendered":"<p>Av\u00eds legal De conformitat amb la Llei 34\/2002, de Serveis de la Societat de la Informaci\u00f3 i de Comer\u00e7 Electr\u00f2nic, us informem que aquesta web \u00e9s titularitat d&#8217;Idiomes Hiberno Sl, (d&#8217;ara endavant \u201cEL TITULAR\u201d), amb CIF: B02772127, amb domicili al c\/ Torras i Bages 2 B local 308201 Sabadell; tel\u00e8fon +34 93 725 12 21. [&hellip;]<\/p>\n","protected":false},"author":2,"featured_media":0,"parent":0,"menu_order":0,"comment_status":"closed","ping_status":"closed","template":"","meta":{"_acf_changed":false,"_monsterinsights_skip_tracking":false,"_monsterinsights_sitenote_active":false,"_monsterinsights_sitenote_note":"","_monsterinsights_sitenote_category":0,"_joinchat":[],"footnotes":""},"class_list":["post-4869","page","type-page","status-publish","hentry"],"acf":[],"yoast_head":"<!-- This site is optimized with the Yoast SEO plugin v27.2 - https:\/\/yoast.com\/product\/yoast-seo-wordpress\/ -->\n<title>Av\u00eds legal - Hiberno English | Escuela de Ingl\u00e9s en Sabadell<\/title>\n<meta name=\"robots\" content=\"index, follow, max-snippet:-1, max-image-preview:large, max-video-preview:-1\" \/>\n<link rel=\"canonical\" href=\"https:\/\/www.hibernoenglish.com\/ca\/avis-legal\/\" \/>\n<meta property=\"og:locale\" content=\"ca_ES\" \/>\n<meta property=\"og:type\" content=\"article\" \/>\n<meta property=\"og:title\" content=\"Av\u00eds legal - Hiberno English | Escuela de Ingl\u00e9s en Sabadell\" \/>\n<meta property=\"og:description\" content=\"Av\u00eds legal De conformitat amb la Llei 34\/2002, de Serveis de la Societat de la Informaci\u00f3 i de Comer\u00e7 Electr\u00f2nic, us informem que aquesta web \u00e9s titularitat d&#8217;Idiomes Hiberno Sl, (d&#8217;ara endavant \u201cEL TITULAR\u201d), amb CIF: B02772127, amb domicili al c\/ Torras i Bages 2 B local 308201 Sabadell; tel\u00e8fon +34 93 725 12 21. [&hellip;]\" \/>\n<meta property=\"og:url\" content=\"https:\/\/www.hibernoenglish.com\/ca\/avis-legal\/\" \/>\n<meta property=\"og:site_name\" content=\"Hiberno English | Escuela de Ingl\u00e9s en Sabadell\" \/>\n<meta property=\"article:publisher\" content=\"https:\/\/www.facebook.com\/hibernoenglish\/\" \/>\n<meta property=\"article:modified_time\" content=\"2025-02-25T12:17:46+00:00\" \/>\n<meta name=\"twitter:card\" content=\"summary_large_image\" \/>\n<meta name=\"twitter:label1\" content=\"Temps estimat de lectura\" \/>\n\t<meta name=\"twitter:data1\" content=\"2 minuts\" \/>\n<script type=\"application\/ld+json\" class=\"yoast-schema-graph\">{\"@context\":\"https:\/\/schema.org\",\"@graph\":[{\"@type\":\"WebPage\",\"@id\":\"https:\/\/www.hibernoenglish.com\/ca\/avis-legal\/\",\"url\":\"https:\/\/www.hibernoenglish.com\/ca\/avis-legal\/\",\"name\":\"Av\u00eds legal - Hiberno English | Escuela de Ingl\u00e9s en Sabadell\",\"isPartOf\":{\"@id\":\"https:\/\/www.hibernoenglish.com\/#website\"},\"datePublished\":\"2024-09-30T18:31:17+00:00\",\"dateModified\":\"2025-02-25T12:17:46+00:00\",\"breadcrumb\":{\"@id\":\"https:\/\/www.hibernoenglish.com\/ca\/avis-legal\/#breadcrumb\"},\"inLanguage\":\"ca\",\"potentialAction\":[{\"@type\":\"ReadAction\",\"target\":[\"https:\/\/www.hibernoenglish.com\/ca\/avis-legal\/\"]}]},{\"@type\":\"BreadcrumbList\",\"@id\":\"https:\/\/www.hibernoenglish.com\/ca\/avis-legal\/#breadcrumb\",\"itemListElement\":[{\"@type\":\"ListItem\",\"position\":1,\"name\":\"Portada\",\"item\":\"https:\/\/www.hibernoenglish.com\/ca\/\"},{\"@type\":\"ListItem\",\"position\":2,\"name\":\"Av\u00eds legal\"}]},{\"@type\":\"WebSite\",\"@id\":\"https:\/\/www.hibernoenglish.com\/#website\",\"url\":\"https:\/\/www.hibernoenglish.com\/\",\"name\":\"Hiberno English | Escuela de Ingl\u00e9s en Sabadell\",\"description\":\"Bienvenidos a Hiberno, academia de Ingl\u00e9s para adultos, ni\u00f1os, empresas, colegios y AFAS.\",\"publisher\":{\"@id\":\"https:\/\/www.hibernoenglish.com\/#organization\"},\"potentialAction\":[{\"@type\":\"SearchAction\",\"target\":{\"@type\":\"EntryPoint\",\"urlTemplate\":\"https:\/\/www.hibernoenglish.com\/?s={search_term_string}\"},\"query-input\":{\"@type\":\"PropertyValueSpecification\",\"valueRequired\":true,\"valueName\":\"search_term_string\"}}],\"inLanguage\":\"ca\"},{\"@type\":\"Organization\",\"@id\":\"https:\/\/www.hibernoenglish.com\/#organization\",\"name\":\"Hiberno English | Escuela de Ingl\u00e9s en Sabadell\",\"url\":\"https:\/\/www.hibernoenglish.com\/\",\"logo\":{\"@type\":\"ImageObject\",\"inLanguage\":\"ca\",\"@id\":\"https:\/\/www.hibernoenglish.com\/#\/schema\/logo\/image\/\",\"url\":\"https:\/\/www.hibernoenglish.com\/wp-content\/uploads\/2025\/01\/full-color.svg\",\"contentUrl\":\"https:\/\/www.hibernoenglish.com\/wp-content\/uploads\/2025\/01\/full-color.svg\",\"width\":595,\"height\":170,\"caption\":\"Hiberno English | Escuela de Ingl\u00e9s en Sabadell\"},\"image\":{\"@id\":\"https:\/\/www.hibernoenglish.com\/#\/schema\/logo\/image\/\"},\"sameAs\":[\"https:\/\/www.facebook.com\/hibernoenglish\/\",\"https:\/\/www.instagram.com\/idiomashiberno\/\",\"https:\/\/www.linkedin.com\/in\/hiberno-english-40a11b1b7\/\"]}]}<\/script>\n<!-- \/ Yoast SEO plugin. -->","yoast_head_json":{"title":"Av\u00eds legal - Hiberno English | Escuela de Ingl\u00e9s en Sabadell","robots":{"index":"index","follow":"follow","max-snippet":"max-snippet:-1","max-image-preview":"max-image-preview:large","max-video-preview":"max-video-preview:-1"},"canonical":"https:\/\/www.hibernoenglish.com\/ca\/avis-legal\/","og_locale":"ca_ES","og_type":"article","og_title":"Av\u00eds legal - Hiberno English | Escuela de Ingl\u00e9s en Sabadell","og_description":"Av\u00eds legal De conformitat amb la Llei 34\/2002, de Serveis de la Societat de la Informaci\u00f3 i de Comer\u00e7 Electr\u00f2nic, us informem que aquesta web \u00e9s titularitat d&#8217;Idiomes Hiberno Sl, (d&#8217;ara endavant \u201cEL TITULAR\u201d), amb CIF: B02772127, amb domicili al c\/ Torras i Bages 2 B local 308201 Sabadell; tel\u00e8fon +34 93 725 12 21. [&hellip;]","og_url":"https:\/\/www.hibernoenglish.com\/ca\/avis-legal\/","og_site_name":"Hiberno English | Escuela de Ingl\u00e9s en Sabadell","article_publisher":"https:\/\/www.facebook.com\/hibernoenglish\/","article_modified_time":"2025-02-25T12:17:46+00:00","twitter_card":"summary_large_image","twitter_misc":{"Temps estimat de lectura":"2 minuts"},"schema":{"@context":"https:\/\/schema.org","@graph":[{"@type":"WebPage","@id":"https:\/\/www.hibernoenglish.com\/ca\/avis-legal\/","url":"https:\/\/www.hibernoenglish.com\/ca\/avis-legal\/","name":"Av\u00eds legal - Hiberno English | Escuela de Ingl\u00e9s en Sabadell","isPartOf":{"@id":"https:\/\/www.hibernoenglish.com\/#website"},"datePublished":"2024-09-30T18:31:17+00:00","dateModified":"2025-02-25T12:17:46+00:00","breadcrumb":{"@id":"https:\/\/www.hibernoenglish.com\/ca\/avis-legal\/#breadcrumb"},"inLanguage":"ca","potentialAction":[{"@type":"ReadAction","target":["https:\/\/www.hibernoenglish.com\/ca\/avis-legal\/"]}]},{"@type":"BreadcrumbList","@id":"https:\/\/www.hibernoenglish.com\/ca\/avis-legal\/#breadcrumb","itemListElement":[{"@type":"ListItem","position":1,"name":"Portada","item":"https:\/\/www.hibernoenglish.com\/ca\/"},{"@type":"ListItem","position":2,"name":"Av\u00eds legal"}]},{"@type":"WebSite","@id":"https:\/\/www.hibernoenglish.com\/#website","url":"https:\/\/www.hibernoenglish.com\/","name":"Hiberno English | Escuela de Ingl\u00e9s en Sabadell","description":"Bienvenidos a Hiberno, academia de Ingl\u00e9s para adultos, ni\u00f1os, empresas, colegios y AFAS.","publisher":{"@id":"https:\/\/www.hibernoenglish.com\/#organization"},"potentialAction":[{"@type":"SearchAction","target":{"@type":"EntryPoint","urlTemplate":"https:\/\/www.hibernoenglish.com\/?s={search_term_string}"},"query-input":{"@type":"PropertyValueSpecification","valueRequired":true,"valueName":"search_term_string"}}],"inLanguage":"ca"},{"@type":"Organization","@id":"https:\/\/www.hibernoenglish.com\/#organization","name":"Hiberno English | Escuela de Ingl\u00e9s en Sabadell","url":"https:\/\/www.hibernoenglish.com\/","logo":{"@type":"ImageObject","inLanguage":"ca","@id":"https:\/\/www.hibernoenglish.com\/#\/schema\/logo\/image\/","url":"https:\/\/www.hibernoenglish.com\/wp-content\/uploads\/2025\/01\/full-color.svg","contentUrl":"https:\/\/www.hibernoenglish.com\/wp-content\/uploads\/2025\/01\/full-color.svg","width":595,"height":170,"caption":"Hiberno English | Escuela de Ingl\u00e9s en Sabadell"},"image":{"@id":"https:\/\/www.hibernoenglish.com\/#\/schema\/logo\/image\/"},"sameAs":["https:\/\/www.facebook.com\/hibernoenglish\/","https:\/\/www.instagram.com\/idiomashiberno\/","https:\/\/www.linkedin.com\/in\/hiberno-english-40a11b1b7\/"]}]}},"_links":{"self":[{"href":"https:\/\/www.hibernoenglish.com\/ca\/wp-json\/wp\/v2\/pages\/4869","targetHints":{"allow":["GET"]}}],"collection":[{"href":"https:\/\/www.hibernoenglish.com\/ca\/wp-json\/wp\/v2\/pages"}],"about":[{"href":"https:\/\/www.hibernoenglish.com\/ca\/wp-json\/wp\/v2\/types\/page"}],"author":[{"embeddable":true,"href":"https:\/\/www.hibernoenglish.com\/ca\/wp-json\/wp\/v2\/users\/2"}],"replies":[{"embeddable":true,"href":"https:\/\/www.hibernoenglish.com\/ca\/wp-json\/wp\/v2\/comments?post=4869"}],"version-history":[{"count":4,"href":"https:\/\/www.hibernoenglish.com\/ca\/wp-json\/wp\/v2\/pages\/4869\/revisions"}],"predecessor-version":[{"id":4873,"href":"https:\/\/www.hibernoenglish.com\/ca\/wp-json\/wp\/v2\/pages\/4869\/revisions\/4873"}],"wp:attachment":[{"href":"https:\/\/www.hibernoenglish.com\/ca\/wp-json\/wp\/v2\/media?parent=4869"}],"curies":[{"name":"wp","href":"https:\/\/api.w.org\/{rel}","templated":true}]}}